{"id":327,"date":"2025-06-03T08:08:21","date_gmt":"2025-06-03T08:08:21","guid":{"rendered":"https:\/\/inner.bedu.edu.vn\/?page_id=327"},"modified":"2025-06-24T02:41:22","modified_gmt":"2025-06-24T02:41:22","slug":"dao-tao-inner","status":"publish","type":"page","link":"https:\/\/inner.bedu.edu.vn\/index.php\/dao-tao-inner\/","title":{"rendered":"\u0110\u00e0o t\u1ea1o"},"content":{"rendered":"<div class=\"row row-collapse row-full-width\"  id=\"row-1965335472\">\n\n\t<div id=\"col-2082085535\" class=\"col small-12 large-12\"  >\n\t\t\t\t<div class=\"col-inner\"  >\n\t\t\t\n\t\t\t\n\n  <div class=\"banner has-hover\" id=\"banner-372817560\">\n          <div class=\"banner-inner fill\">\n        <div class=\"banner-bg fill\" >\n            <img loading=\"lazy\" decoding=\"async\" width=\"2048\" height=\"762\" src=\"https:\/\/inner.bedu.edu.vn\/wp-content\/uploads\/2025\/06\/496843962_122125514108814541_7872306561952497079_n.jpg\" class=\"bg attachment-original size-original\" alt=\"\" \/>                                    \n                    <\/div>\n\t\t\n        <div class=\"banner-layers container\">\n            <div class=\"fill banner-link\"><\/div>            \n   <div id=\"text-box-407585382\" class=\"text-box banner-layer x50 md-x50 lg-x50 y50 md-y50 lg-y50 res-text\">\n                                <div class=\"text-box-content text dark\">\n              \n              <div class=\"text-inner text-center\">\n                  \n              <\/div>\n           <\/div>\n                            \n<style>\n#text-box-407585382 {\n  width: 60%;\n}\n#text-box-407585382 .text-box-content {\n  font-size: 100%;\n}\n@media (min-width:550px) {\n  #text-box-407585382 {\n    width: 60%;\n  }\n}\n<\/style>\n    <\/div>\n \n        <\/div>\n      <\/div>\n\n            \n<style>\n#banner-372817560 {\n  padding-top: 40%;\n}\n<\/style>\n  <\/div>\n\n\n\t\t<\/div>\n\t\t\t\t\t<\/div>\n\n\t\n<\/div>\n<div class=\"row\"  id=\"row-831341446\">\n\n\t<div id=\"col-1964383020\" class=\"col medium-6 small-12 large-6\"  >\n\t\t\t\t<div class=\"col-inner\"  >\n\t\t\t\n\t\t\t\n\t<div class=\"img has-hover x md-x lg-x y md-y lg-y\" id=\"image_2131166559\">\n\t\t\t\t\t\t<div data-animate=\"fadeInRight\">\t\t<div class=\"img-inner dark\" >\n\t\t\t<img loading=\"lazy\" decoding=\"async\" width=\"640\" height=\"575\" src=\"https:\/\/inner.bedu.edu.vn\/wp-content\/uploads\/2025\/03\/Logo-Inner-02-e1742975856926.png\" class=\"attachment-original size-original\" alt=\"\" srcset=\"https:\/\/inner.bedu.edu.vn\/wp-content\/uploads\/2025\/03\/Logo-Inner-02-e1742975856926.png 640w, https:\/\/inner.bedu.edu.vn\/wp-content\/uploads\/2025\/03\/Logo-Inner-02-e1742975856926-300x270.png 300w\" sizes=\"auto, (max-width: 640px) 100vw, 640px\" \/>\t\t\t\t\t\t\n\t\t\t\t\t<\/div>\n\t\t<\/div>\t\t\t\t\t\t\n<style>\n#image_2131166559 {\n  width: 100%;\n}\n<\/style>\n\t<\/div>\n\t\n\t\t<\/div>\n\t\t\t\t\t<\/div>\n\n\t\n\n\t<div id=\"col-379042859\" class=\"col medium-6 small-12 large-6\"  data-animate=\"fadeInRight\">\n\t\t\t\t<div class=\"col-inner text-center\"  >\n\t\t\t\n\t\t\t\n\t<div id=\"gap-754095566\" class=\"gap-element clearfix\" style=\"display:block; height:auto;\">\n\t\t\n<style>\n#gap-754095566 {\n  padding-top: 40px;\n}\n<\/style>\n\t<\/div>\n\t\n\t<div id=\"text-1334819332\" class=\"text\">\n\t\t\n<h1 class=\"uppercase\"><span style=\"font-family: verdana, geneva, sans-serif; font-size: 40px;\"><strong><span style=\"font-family: georgia, palatino, serif;\">INNER\u00a0 <\/span><\/strong><\/span><span style=\"font-family: verdana, geneva, sans-serif; font-size: 40px;\"><strong><span style=\"font-family: georgia, palatino, serif;\">\u0110\u00c0O T\u1ea0O <\/span>\u00a0<\/strong><\/span><\/h1>\n<p><span style=\"font-size: 20px;\">Kh\u00f3a \u0111\u00e0o t\u1ea1o \u201cTr\u1ecb li\u1ec7u t\u1ef1 nhi\u00ean\u201d c\u1ee7a ch\u00fang t\u00f4i \u0111\u01b0\u1ee3c thi\u1ebft k\u1ebf nh\u1eb1m gi\u00fap h\u1ecdc vi\u00ean hi\u1ec3u v\u00e0 \u00e1p d\u1ee5ng c\u00e1c ph\u01b0\u01a1ng ph\u00e1p tr\u1ecb li\u1ec7u t\u1ef1 nhi\u00ean m\u1ed9t c\u00e1ch khoa h\u1ecdc, t\u1eeb \u0111\u00f3 ph\u1ee5c h\u1ed3i n\u0103ng l\u01b0\u1ee3ng, c\u00e2n b\u1eb1ng c\u1ea3m x\u00fac v\u00e0 n\u00e2ng cao ch\u1ea5t l\u01b0\u1ee3ng s\u1ed1ng.<\/span><\/p>\n\t\t\n<style>\n#text-1334819332 {\n  text-align: center;\n  color: #009444;\n}\n#text-1334819332 > * {\n  color: #009444;\n}\n<\/style>\n\t<\/div>\n\t\n<a href=\"https:\/\/www.facebook.com\/profile.php?id=61574436233618\" class=\"button success is-gloss is-large box-shadow-3\"  style=\"border-radius:99px;\">\n\t\t<span>xem th\u00eam<\/span>\n\t<i class=\"icon-angle-right\" aria-hidden=\"true\" ><\/i><\/a>\n\n\t\t<\/div>\n\t\t\t\t\t<\/div>\n\n\t\n<\/div>\n\n  <div class=\"banner has-hover\" id=\"banner-1854646989\">\n          <div class=\"banner-inner fill\">\n        <div class=\"banner-bg fill\" >\n            <img loading=\"lazy\" decoding=\"async\" width=\"2560\" height=\"1124\" src=\"https:\/\/inner.bedu.edu.vn\/wp-content\/uploads\/2025\/03\/z6425330540095_c7bfd6438627e022b82256272cc7d151.jpg\" class=\"bg attachment-original size-original\" alt=\"\" \/>                                    \n            <div class=\"effect-sparkle bg-effect fill no-click\"><\/div>        <\/div>\n\t\t\n        <div class=\"banner-layers container\">\n            <div class=\"fill banner-link\"><\/div>            \n   <div id=\"text-box-1483420198\" class=\"text-box banner-layer x50 md-x50 lg-x50 y50 md-y50 lg-y50 res-text\">\n                     <div data-animate=\"fadeInUp\">           <div class=\"text-box-content text \">\n              \n              <div class=\"text-inner text-center\">\n                  \n<div class=\"is-divider divider clearfix\" ><\/div>\n              <\/div>\n           <\/div>\n       <\/div>                     \n<style>\n#text-box-1483420198 {\n  width: 85%;\n}\n#text-box-1483420198 .text-box-content {\n  font-size: 100%;\n}\n@media (min-width:550px) {\n  #text-box-1483420198 {\n    width: 61%;\n  }\n}\n<\/style>\n    <\/div>\n \n        <\/div>\n      <\/div>\n\n              <div class=\"height-fix is-invisible\"><img loading=\"lazy\" decoding=\"async\" width=\"2560\" height=\"1124\" src=\"https:\/\/inner.bedu.edu.vn\/wp-content\/uploads\/2025\/03\/z6425330540095_c7bfd6438627e022b82256272cc7d151.jpg\" class=\"attachment-original size-original\" alt=\"\" srcset=\"https:\/\/inner.bedu.edu.vn\/wp-content\/uploads\/2025\/03\/z6425330540095_c7bfd6438627e022b82256272cc7d151.jpg 2560w, https:\/\/inner.bedu.edu.vn\/wp-content\/uploads\/2025\/03\/z6425330540095_c7bfd6438627e022b82256272cc7d151-300x132.jpg 300w, https:\/\/inner.bedu.edu.vn\/wp-content\/uploads\/2025\/03\/z6425330540095_c7bfd6438627e022b82256272cc7d151-1024x450.jpg 1024w, https:\/\/inner.bedu.edu.vn\/wp-content\/uploads\/2025\/03\/z6425330540095_c7bfd6438627e022b82256272cc7d151-768x337.jpg 768w, https:\/\/inner.bedu.edu.vn\/wp-content\/uploads\/2025\/03\/z6425330540095_c7bfd6438627e022b82256272cc7d151-1536x674.jpg 1536w, https:\/\/inner.bedu.edu.vn\/wp-content\/uploads\/2025\/03\/z6425330540095_c7bfd6438627e022b82256272cc7d151-2048x899.jpg 2048w\" sizes=\"auto, (max-width: 2560px) 100vw, 2560px\" \/><\/div>\n            \n<style>\n#banner-1854646989 {\n  background-color: #FFF;\n}\n<\/style>\n  <\/div>\n\n\n\t<div id=\"gap-2067942633\" class=\"gap-element clearfix\" style=\"display:block; height:auto;\">\n\t\t\n<style>\n#gap-2067942633 {\n  padding-top: 70px;\n}\n<\/style>\n\t<\/div>\n\t\n\t<div id=\"text-3259253721\" class=\"text\">\n\t\t\n<h1 class=\"uppercase\"><span style=\"font-family: verdana, geneva, sans-serif; font-size: 40px;\"><strong><span style=\"font-family: georgia, palatino, serif;\">\u0110\u00c0O T\u1ea0O T\u1ea0I INNER <\/span>\u00a0<\/strong><\/span><\/h1>\n<div id=\"gtx-trans\" style=\"position: absolute; left: -24px; top: 73.4054px;\">\n<div class=\"gtx-trans-icon\">\u00a0<\/div>\n<\/div>\n\t\t\n<style>\n#text-3259253721 {\n  text-align: center;\n  color: #009444;\n}\n#text-3259253721 > * {\n  color: #009444;\n}\n<\/style>\n\t<\/div>\n\t\n\t<div id=\"gap-932431768\" class=\"gap-element clearfix\" style=\"display:block; height:auto;\">\n\t\t\n<style>\n#gap-932431768 {\n  padding-top: 30px;\n}\n<\/style>\n\t<\/div>\n\t\n<div class=\"row row-full-width align-center\"  id=\"row-1525474899\">\n\n\t<div id=\"col-239303216\" class=\"col small-12 large-12\"  >\n\t\t\t\t<div class=\"col-inner\"  >\n\t\t\t\n\t\t\t\n<div class=\"row row-collapse row-full-width\"  id=\"row-1748697846\">\n\n\t<div id=\"col-1753458022\" class=\"col medium-4 large-4\"  data-animate=\"fadeInLeft\">\n\t\t\t\t<div class=\"col-inner text-center\"  >\n\t\t\t\n\t\t\t\n\t<div class=\"img has-hover x md-x lg-x y md-y lg-y\" id=\"image_1757435447\">\n\t\t\t\t\t\t\t\t<div class=\"img-inner dark\" >\n\t\t\t<img loading=\"lazy\" decoding=\"async\" width=\"640\" height=\"417\" src=\"https:\/\/inner.bedu.edu.vn\/wp-content\/uploads\/2025\/03\/gai-cot-song-2.png\" class=\"attachment-large size-large\" alt=\"\" srcset=\"https:\/\/inner.bedu.edu.vn\/wp-content\/uploads\/2025\/03\/gai-cot-song-2.png 640w, https:\/\/inner.bedu.edu.vn\/wp-content\/uploads\/2025\/03\/gai-cot-song-2-300x195.png 300w\" sizes=\"auto, (max-width: 640px) 100vw, 640px\" \/>\t\t\t\t\t\t\n\t\t\t\t\t<\/div>\n\t\t\t\t\t\t\t\t\n<style>\n#image_1757435447 {\n  width: 100%;\n}\n<\/style>\n\t<\/div>\n\t\n<div class=\"row align-bottom align-center\"  id=\"row-1626539156\">\n\n\t<div id=\"col-394257870\" class=\"col small-12 large-12\"  >\n\t\t\t\t<div class=\"col-inner\"  >\n\t\t\t\n\t\t\t\n<a href=\"https:\/\/www.facebook.com\/profile.php?id=61574436233618\" class=\"button success is-shade is-xlarge box-shadow-4 box-shadow-5-hover\"  style=\"border-radius:99px;\">\n\t\t<span>\u0110\u00c0O T\u1ea0O TR\u1eca LI\u1ec6U<\/span>\n\t<\/a>\n\n\t\t<\/div>\n\t\t\t\t\n<style>\n#col-394257870 > .col-inner {\n  margin: -270px 0px 0px 0px;\n}\n<\/style>\n\t<\/div>\n\n\t\n<\/div>\n\t\t<\/div>\n\t\t\t\t\t<\/div>\n\n\t\n\n\t<div id=\"col-712457170\" class=\"col medium-4 large-4\"  data-animate=\"fadeInUp\">\n\t\t\t\t<div class=\"col-inner\"  >\n\t\t\t\n\t\t\t\n\t<div class=\"img has-hover x md-x lg-x y md-y lg-y\" id=\"image_1753876005\">\n\t\t\t\t\t\t\t\t<div class=\"img-inner dark\" >\n\t\t\t<img loading=\"lazy\" decoding=\"async\" width=\"640\" height=\"417\" src=\"https:\/\/inner.bedu.edu.vn\/wp-content\/uploads\/2025\/03\/dau-co-vai-gay-2.png\" class=\"attachment-large size-large\" alt=\"\" srcset=\"https:\/\/inner.bedu.edu.vn\/wp-content\/uploads\/2025\/03\/dau-co-vai-gay-2.png 640w, https:\/\/inner.bedu.edu.vn\/wp-content\/uploads\/2025\/03\/dau-co-vai-gay-2-300x195.png 300w\" sizes=\"auto, (max-width: 640px) 100vw, 640px\" \/>\t\t\t\t\t\t\n\t\t\t\t\t<\/div>\n\t\t\t\t\t\t\t\t\n<style>\n#image_1753876005 {\n  width: 100%;\n}\n<\/style>\n\t<\/div>\n\t\n<div class=\"row\"  id=\"row-527760502\">\n\n\t<div id=\"col-1191088752\" class=\"col small-12 large-12\"  >\n\t\t\t\t<div class=\"col-inner text-center\"  >\n\t\t\t\n\t\t\t\n<a href=\"https:\/\/www.facebook.com\/profile.php?id=61574436233618\" class=\"button success is-shade is-xlarge box-shadow-4 box-shadow-5-hover\"  style=\"border-radius:99px;\">\n\t\t<span>\u0110\u00c0O T\u1ea0O TR\u1eca LI\u1ec6U<\/span>\n\t<\/a>\n\n\t\t<\/div>\n\t\t\t\t\n<style>\n#col-1191088752 > .col-inner {\n  margin: -280px 0px 0px 0px;\n}\n<\/style>\n\t<\/div>\n\n\t\n<\/div>\n\t\t<\/div>\n\t\t\t\t\t<\/div>\n\n\t\n\n\t<div id=\"col-1748219174\" class=\"col medium-4 large-4\"  data-animate=\"fadeInRight\">\n\t\t\t\t<div class=\"col-inner\"  >\n\t\t\t\n\t\t\t\n\t<div class=\"img has-hover x md-x lg-x y md-y lg-y\" id=\"image_1147804850\">\n\t\t\t\t\t\t\t\t<div class=\"img-inner dark\" >\n\t\t\t<img loading=\"lazy\" decoding=\"async\" width=\"640\" height=\"417\" src=\"https:\/\/inner.bedu.edu.vn\/wp-content\/uploads\/2025\/03\/cong-veo-cot-song-12.png\" class=\"attachment-large size-large\" alt=\"\" srcset=\"https:\/\/inner.bedu.edu.vn\/wp-content\/uploads\/2025\/03\/cong-veo-cot-song-12.png 640w, https:\/\/inner.bedu.edu.vn\/wp-content\/uploads\/2025\/03\/cong-veo-cot-song-12-300x195.png 300w\" sizes=\"auto, (max-width: 640px) 100vw, 640px\" \/>\t\t\t\t\t\t\n\t\t\t\t\t<\/div>\n\t\t\t\t\t\t\t\t\n<style>\n#image_1147804850 {\n  width: 100%;\n}\n<\/style>\n\t<\/div>\n\t\n<div class=\"row\"  id=\"row-1288898927\">\n\n\t<div id=\"col-894658158\" class=\"col small-12 large-12\"  >\n\t\t\t\t<div class=\"col-inner text-center\"  >\n\t\t\t\n\t\t\t\n<a href=\"https:\/\/www.facebook.com\/profile.php?id=61574436233618\" class=\"button success is-shade is-xlarge box-shadow-4 box-shadow-5-hover\"  style=\"border-radius:99px;\">\n\t\t<span>\u0110\u00c0O T\u1ea0O TR\u1eca LI\u1ec6U<\/span>\n\t<\/a>\n\n\t\t<\/div>\n\t\t\t\t\n<style>\n#col-894658158 > .col-inner {\n  margin: -280px 0px 0px 0px;\n}\n<\/style>\n\t<\/div>\n\n\t\n<\/div>\n\t\t<\/div>\n\t\t\t\t\t<\/div>\n\n\t\n<\/div>\n\t\t<\/div>\n\t\t\t\t\t<\/div>\n\n\t\n<\/div>\n\t<div id=\"text-3792750279\" class=\"text\">\n\t\t\n<h1 class=\"uppercase\"><span style=\"font-family: georgia, palatino, serif;\"><span style=\"font-size: 40px;\"><b>S\u1ef0 TIN T\u01af\u1edeNG C\u1ee6A KH\u00c1CH H\u00c0NG<\/b><\/span><\/span><\/h1>\n<div id=\"gtx-trans\" style=\"position: absolute; left: -5px; top: -3.75616px;\">\n<div class=\"gtx-trans-icon\">\u00a0<\/div>\n<\/div>\n\t\t\n<style>\n#text-3792750279 {\n  text-align: center;\n  color: #009444;\n}\n#text-3792750279 > * {\n  color: #009444;\n}\n<\/style>\n\t<\/div>\n\t\n<div class=\"row row-full-width\"  id=\"row-373948578\">\n\n\t<div id=\"col-246962779\" class=\"col small-12 large-12\"  data-animate=\"bounceIn\">\n\t\t\t\t<div class=\"col-inner\"  >\n\t\t\t\n\t\t\t\n\n\t<section class=\"section\" id=\"section_869060977\">\n\t\t<div class=\"section-bg fill\" >\n\t\t\t<img loading=\"lazy\" decoding=\"async\" width=\"1920\" height=\"969\" src=\"https:\/\/inner.bedu.edu.vn\/wp-content\/uploads\/2025\/03\/blur-dot-bg.png\" class=\"bg attachment-original size-original\" alt=\"\" \/>\t\t\t\t\t\t<div class=\"effect-snow bg-effect fill no-click\"><\/div>\n\t\t\t\n\n\t\t<\/div>\n\n\t\t\n\n\t\t<div class=\"section-content relative\">\n\t\t\t\n\t<div id=\"gap-860472753\" class=\"gap-element clearfix\" style=\"display:block; height:auto;\">\n\t\t\n<style>\n#gap-860472753 {\n  padding-top: 30px;\n}\n<\/style>\n\t<\/div>\n\t\n<div class=\"slider-wrapper relative\" id=\"slider-218474922\" >\n    <div class=\"slider slider-nav-circle slider-nav-large slider-nav-light slider-style-normal\"\n        data-flickity-options='{\n            \"cellAlign\": \"center\",\n            \"imagesLoaded\": true,\n            \"lazyLoad\": 1,\n            \"freeScroll\": false,\n            \"wrapAround\": true,\n            \"autoPlay\": 6000,\n            \"pauseAutoPlayOnHover\" : true,\n            \"prevNextButtons\": true,\n            \"contain\" : true,\n            \"adaptiveHeight\" : true,\n            \"dragThreshold\" : 10,\n            \"percentPosition\": true,\n            \"pageDots\": true,\n            \"rightToLeft\": false,\n            \"draggable\": true,\n            \"selectedAttraction\": 0.1,\n            \"parallax\" : 0,\n            \"friction\": 0.6        }'\n        >\n        \n<div class=\"row row-dashed\"  id=\"row-1565643376\">\n\n\t<div id=\"col-252961272\" class=\"col medium-4 small-12 large-4\"  >\n\t\t\t\t<div class=\"col-inner text-center\"  >\n\t\t\t\n\t\t\t\n\t<div class=\"img has-hover x md-x lg-x y md-y lg-y\" id=\"image_1208609512\">\n\t\t\t\t\t\t\t\t<div class=\"img-inner dark\" >\n\t\t\t<img loading=\"lazy\" decoding=\"async\" width=\"1024\" height=\"1024\" src=\"https:\/\/inner.bedu.edu.vn\/wp-content\/uploads\/2025\/06\/z6704659920218_b28da72450738e60980081d9b1217f9c.jpg\" class=\"attachment-original size-original\" alt=\"\" srcset=\"https:\/\/inner.bedu.edu.vn\/wp-content\/uploads\/2025\/06\/z6704659920218_b28da72450738e60980081d9b1217f9c.jpg 1024w, https:\/\/inner.bedu.edu.vn\/wp-content\/uploads\/2025\/06\/z6704659920218_b28da72450738e60980081d9b1217f9c-300x300.jpg 300w, https:\/\/inner.bedu.edu.vn\/wp-content\/uploads\/2025\/06\/z6704659920218_b28da72450738e60980081d9b1217f9c-150x150.jpg 150w, https:\/\/inner.bedu.edu.vn\/wp-content\/uploads\/2025\/06\/z6704659920218_b28da72450738e60980081d9b1217f9c-768x768.jpg 768w\" sizes=\"auto, (max-width: 1024px) 100vw, 1024px\" \/>\t\t\t\t\t\t\n\t\t\t\t\t<\/div>\n\t\t\t\t\t\t\t\t\n<style>\n#image_1208609512 {\n  width: 59%;\n}\n<\/style>\n\t<\/div>\n\t\n  <div class=\"icon-box testimonial-box icon-box-center text-center\">\n                <div class=\"icon-box-text p-last-0\">\n          <div class=\"star-rating\"><span style=\"width:100%\"><strong class=\"rating\"><\/strong><\/span><\/div>  \t\t\t\t<div class=\"testimonial-text line-height-small italic test_text first-reset last-reset is-italic\">\n            \n<h3>Tr\u1ea7n V\u0103n Kh\u00e1nh<\/h3>\n<p>T\u00f4i t\u1eebng h\u1ecdc nhi\u1ec1u n\u01a1i nh\u01b0ng \u0111\u00e2y l\u00e0 l\u1ea7n \u0111\u1ea7u ti\u00ean c\u1ea3m th\u1ea5y h\u00e0i l\u00f2ng \u0111\u1ebfn v\u1eady. Kh\u00f3a h\u1ecdc \u0111\u01b0\u1ee3c thi\u1ebft k\u1ebf b\u00e0i b\u1ea3n, d\u1ec5 hi\u1ec3u k\u1ec3 c\u1ea3 v\u1edbi ng\u01b0\u1eddi m\u1edbi. Sau khi ho\u00e0n th\u00e0nh, t\u00f4i \u0111\u00e3 t\u1ef1 tin m\u1edf d\u1ecbch v\u1ee5 massage t\u1ea1i nh\u00e0.<\/p>\n          <\/div>\n          <div class=\"testimonial-meta pt-half\">\n             <strong class=\"testimonial-name test_name\"><\/strong>\n                          <span class=\"testimonial-company test_company\"><\/span>\n          <\/div>\n        <\/div>\n  <\/div>\n\n  \n\t\t<\/div>\n\t\t\t\t\n<style>\n#col-252961272 > .col-inner {\n  border-radius: 100px;\n}\n<\/style>\n\t<\/div>\n\n\t\n\n\t<div id=\"col-622842522\" class=\"col medium-4 small-12 large-4\"  >\n\t\t\t\t<div class=\"col-inner text-center\"  >\n\t\t\t\n\t\t\t\n\t<div class=\"img has-hover x md-x lg-x y md-y lg-y\" id=\"image_1995344406\">\n\t\t\t\t\t\t\t\t<div class=\"img-inner dark\" >\n\t\t\t<img loading=\"lazy\" decoding=\"async\" width=\"1024\" height=\"1024\" src=\"https:\/\/inner.bedu.edu.vn\/wp-content\/uploads\/2025\/06\/z6704659920104_ee9195ad3dcc9f0e3c6c609cc249cfb3.jpg\" class=\"attachment-original size-original\" alt=\"\" srcset=\"https:\/\/inner.bedu.edu.vn\/wp-content\/uploads\/2025\/06\/z6704659920104_ee9195ad3dcc9f0e3c6c609cc249cfb3.jpg 1024w, https:\/\/inner.bedu.edu.vn\/wp-content\/uploads\/2025\/06\/z6704659920104_ee9195ad3dcc9f0e3c6c609cc249cfb3-300x300.jpg 300w, https:\/\/inner.bedu.edu.vn\/wp-content\/uploads\/2025\/06\/z6704659920104_ee9195ad3dcc9f0e3c6c609cc249cfb3-150x150.jpg 150w, https:\/\/inner.bedu.edu.vn\/wp-content\/uploads\/2025\/06\/z6704659920104_ee9195ad3dcc9f0e3c6c609cc249cfb3-768x768.jpg 768w\" sizes=\"auto, (max-width: 1024px) 100vw, 1024px\" \/>\t\t\t\t\t\t\n\t\t\t\t\t<\/div>\n\t\t\t\t\t\t\t\t\n<style>\n#image_1995344406 {\n  width: 59%;\n}\n<\/style>\n\t<\/div>\n\t\n  <div class=\"icon-box testimonial-box icon-box-center text-center\">\n                <div class=\"icon-box-text p-last-0\">\n          <div class=\"star-rating\"><span style=\"width:100%\"><strong class=\"rating\"><\/strong><\/span><\/div>  \t\t\t\t<div class=\"testimonial-text line-height-small italic test_text first-reset last-reset is-italic\">\n            \n<h3>Nguy\u1ec5n Th\u1ecb Minh H\u1eb1ng<\/h3>\n<p>Kh\u00f3a h\u1ecdc th\u1eadt s\u1ef1 v\u01b0\u1ee3t ngo\u00e0i mong \u0111\u1ee3i c\u1ee7a t\u00f4i. Tr\u01b0\u1edbc \u0111\u00e2y t\u00f4i hay b\u1ecb \u0111au c\u1ed5 vai g\u00e1y, nh\u01b0ng nh\u1edd h\u1ecdc k\u1ef9 thu\u1eadt massage \u0111\u00fang c\u00e1ch, gi\u1edd t\u00f4i kh\u00f4ng ch\u1ec9 t\u1ef1 ch\u0103m s\u00f3c m\u00ecnh t\u1ed1t h\u01a1n m\u00e0 c\u00f2n h\u1ed7 tr\u1ee3 \u0111\u01b0\u1ee3c cho ng\u01b0\u1eddi th\u00e2n. Gi\u1ea3ng vi\u00ean t\u1eadn t\u00e2m.<\/p>\n          <\/div>\n          <div class=\"testimonial-meta pt-half\">\n             <strong class=\"testimonial-name test_name\"><\/strong>\n                          <span class=\"testimonial-company test_company\"><\/span>\n          <\/div>\n        <\/div>\n  <\/div>\n\n  \n\t\t<\/div>\n\t\t\t\t\t<\/div>\n\n\t\n\n\t<div id=\"col-1024409323\" class=\"col medium-4 small-12 large-4\"  >\n\t\t\t\t<div class=\"col-inner text-center\"  >\n\t\t\t\n\t\t\t\n\t<div class=\"img has-hover x md-x lg-x y md-y lg-y\" id=\"image_404223979\">\n\t\t\t\t\t\t\t\t<div class=\"img-inner dark\" >\n\t\t\t<img loading=\"lazy\" decoding=\"async\" width=\"1024\" height=\"1024\" src=\"https:\/\/inner.bedu.edu.vn\/wp-content\/uploads\/2025\/06\/z6704659920104_ee9195ad3dcc9f0e3c6c609cc249cfb3.jpg\" class=\"attachment-original size-original\" alt=\"\" srcset=\"https:\/\/inner.bedu.edu.vn\/wp-content\/uploads\/2025\/06\/z6704659920104_ee9195ad3dcc9f0e3c6c609cc249cfb3.jpg 1024w, https:\/\/inner.bedu.edu.vn\/wp-content\/uploads\/2025\/06\/z6704659920104_ee9195ad3dcc9f0e3c6c609cc249cfb3-300x300.jpg 300w, https:\/\/inner.bedu.edu.vn\/wp-content\/uploads\/2025\/06\/z6704659920104_ee9195ad3dcc9f0e3c6c609cc249cfb3-150x150.jpg 150w, https:\/\/inner.bedu.edu.vn\/wp-content\/uploads\/2025\/06\/z6704659920104_ee9195ad3dcc9f0e3c6c609cc249cfb3-768x768.jpg 768w\" sizes=\"auto, (max-width: 1024px) 100vw, 1024px\" \/>\t\t\t\t\t\t\n\t\t\t\t\t<\/div>\n\t\t\t\t\t\t\t\t\n<style>\n#image_404223979 {\n  width: 59%;\n}\n<\/style>\n\t<\/div>\n\t\n  <div class=\"icon-box testimonial-box icon-box-center text-center\">\n                <div class=\"icon-box-text p-last-0\">\n          <div class=\"star-rating\"><span style=\"width:100%\"><strong class=\"rating\"><\/strong><\/span><\/div>  \t\t\t\t<div class=\"testimonial-text line-height-small italic test_text first-reset last-reset is-italic\">\n            \n<h3>L\u00ea Th\u1ecb C\u1ea9m Nhung<\/h3>\n<p>\u0110i\u1ec1u t\u00f4i th\u00edch nh\u1ea5t l\u00e0 s\u1ef1 g\u1ea7n g\u0169i v\u00e0 t\u1eadn t\u00ecnh t\u1eeb \u0111\u1ed9i ng\u0169 gi\u1ea3ng vi\u00ean. Ngo\u00e0i ki\u1ebfn th\u1ee9c chuy\u00ean m\u00f4n, t\u00f4i c\u00f2n h\u1ecdc \u0111\u01b0\u1ee3c c\u00e1ch l\u1eafng nghe kh\u00e1ch h\u00e0ng v\u00e0 t\u1ea1o s\u1ef1 tin t\u01b0\u1edfng, th\u1ef1c h\u00e0nh nhi\u1ec1u n\u00ean nh\u1edb b\u00e0i r\u1ea5t l\u00e2u.<\/p>\n          <\/div>\n          <div class=\"testimonial-meta pt-half\">\n             <strong class=\"testimonial-name test_name\"><\/strong>\n                          <span class=\"testimonial-company test_company\"><\/span>\n          <\/div>\n        <\/div>\n  <\/div>\n\n  \n\t\t<\/div>\n\t\t\t\t\t<\/div>\n\n\t\n<\/div>\n     <\/div>\n\n     <div class=\"loading-spin dark large centered\"><\/div>\n\n\t<\/div>\n\n\n\t\t<\/div>\n\n\t\t\n<style>\n#section_869060977 {\n  padding-top: 70px;\n  padding-bottom: 70px;\n}\n<\/style>\n\t<\/section>\n\t\n\t\t<\/div>\n\t\t\t\t\t<\/div>\n\n\t\n<\/div>\n\t<div id=\"text-1808310387\" class=\"text\">\n\t\t\n<h1 class=\"uppercase\"><span style=\"font-family: georgia, palatino, serif;\"><span style=\"font-size: 40px;\"><b>li\u00ean h\u1ec7 v\u1edbi ch\u00fang t\u00f4i<\/b><\/span><\/span><\/h1>\n\t\t\n<style>\n#text-1808310387 {\n  text-align: center;\n  color: #009444;\n}\n#text-1808310387 > * {\n  color: #009444;\n}\n<\/style>\n\t<\/div>\n\t\n\t<div id=\"gap-506835160\" class=\"gap-element clearfix\" style=\"display:block; height:auto;\">\n\t\t\n<style>\n#gap-506835160 {\n  padding-top: 50px;\n}\n<\/style>\n\t<\/div>\n\t\n<div class=\"row row-full-width\"  id=\"row-1631592686\">\n\n\t<div id=\"col-899171482\" class=\"col small-12 large-12\"  >\n\t\t\t\t<div class=\"col-inner text-center\"  >\n\t\t\t\n\t\t\t\n\n<p><iframe loading=\"lazy\" style=\"border: 0;\" src=\"https:\/\/www.google.com\/maps\/embed?pb=!1m18!1m12!1m3!1d3903.2169596805193!2d108.42278345607065!3d11.959475247211314!2m3!1f0!2f0!3f0!3m2!1i1024!2i768!4f13.1!3m3!1m2!1s0x31716d2d0b78f65f%3A0xf68b521aec92cbd1!2zxJDGsOG7nW5nIELhuqFjaCDEkOG6sW5nICYgTmfDtCBRdXnhu4FuLCBQaMaw4budbmcgNywgVHAuIMSQw6AgTOG6oXQsIEzDom0gxJDhu5NuZywgVmnhu4d0IE5hbQ!5e0!3m2!1svi!2s!4v1743408818675!5m2!1svi!2s\" width=\"1440px\" height=\"550\" allowfullscreen=\"allowfullscreen\" data-mce-fragment=\"1\"><\/iframe><br \/>\n\n\t\t<\/div>\n\t\t\t\t\t<\/div>\n\n\t\n<\/div>\n","protected":false},"excerpt":{"rendered":"","protected":false},"author":1,"featured_media":0,"parent":0,"menu_order":0,"comment_status":"closed","ping_status":"closed","template":"page-blank.php","meta":{"footnotes":""},"class_list":["post-327","page","type-page","status-publish","hentry"],"_links":{"self":[{"href":"https:\/\/inner.bedu.edu.vn\/index.php\/wp-json\/wp\/v2\/pages\/327","targetHints":{"allow":["GET"]}}],"collection":[{"href":"https:\/\/inner.bedu.edu.vn\/index.php\/wp-json\/wp\/v2\/pages"}],"about":[{"href":"https:\/\/inner.bedu.edu.vn\/index.php\/wp-json\/wp\/v2\/types\/page"}],"author":[{"embeddable":true,"href":"https:\/\/inner.bedu.edu.vn\/index.php\/wp-json\/wp\/v2\/users\/1"}],"replies":[{"embeddable":true,"href":"https:\/\/inner.bedu.edu.vn\/index.php\/wp-json\/wp\/v2\/comments?post=327"}],"version-history":[{"count":32,"href":"https:\/\/inner.bedu.edu.vn\/index.php\/wp-json\/wp\/v2\/pages\/327\/revisions"}],"predecessor-version":[{"id":420,"href":"https:\/\/inner.bedu.edu.vn\/index.php\/wp-json\/wp\/v2\/pages\/327\/revisions\/420"}],"wp:attachment":[{"href":"https:\/\/inner.bedu.edu.vn\/index.php\/wp-json\/wp\/v2\/media?parent=327"}],"curies":[{"name":"wp","href":"https:\/\/api.w.org\/{rel}","templated":true}]}}